{"id":3047,"date":"2024-05-23T11:25:30","date_gmt":"2024-05-23T08:25:30","guid":{"rendered":"https:\/\/confido.dk\/?page_id=3047"},"modified":"2026-02-24T19:36:50","modified_gmt":"2026-02-24T17:36:50","slug":"social-responsibility","status":"publish","type":"page","link":"https:\/\/confido.dk\/de\/social-responsibility\/","title":{"rendered":"Soziale Verantwortung"},"content":{"rendered":"<div data-elementor-type=\"wp-page\" data-elementor-id=\"3047\" class=\"elementor elementor-3047\" data-elementor-settings=\"{&quot;ha_cmc_init_switcher&quot;:&quot;no&quot;}\" data-elementor-post-type=\"page\">\n\t\t\t\t<div class=\"elementor-element elementor-element-7b7bf3c e-flex e-con-boxed e-con e-parent\" data-id=\"7b7bf3c\" data-element_type=\"container\" data-e-type=\"container\" data-settings=\"{&quot;background_background&quot;:&quot;classic&quot;,&quot;_ha_eqh_enable&quot;:false,&quot;ekit_has_onepagescroll_dot&quot;:&quot;yes&quot;}\">\n\t\t\t\t\t<div class=\"e-con-inner\">\n\t\t<div class=\"elementor-element elementor-element-eb83ad7 e-con-full animated-slow e-flex elementor-invisible e-con e-child\" data-id=\"eb83ad7\" data-element_type=\"container\" data-e-type=\"container\" data-settings=\"{&quot;background_background&quot;:&quot;classic&quot;,&quot;animation&quot;:&quot;fadeIn&quot;,&quot;_ha_eqh_enable&quot;:false,&quot;ekit_has_onepagescroll_dot&quot;:&quot;yes&quot;}\">\n\t\t<div class=\"elementor-element elementor-element-547bfde e-grid e-con-full e-con e-child\" data-id=\"547bfde\" data-element_type=\"container\" data-e-type=\"container\" data-settings=\"{&quot;_ha_eqh_enable&quot;:false,&quot;ekit_has_onepagescroll_dot&quot;:&quot;yes&quot;}\">\n\t\t\t\t<div class=\"elementor-element elementor-element-1373ded elementor-widget elementor-widget-image\" data-id=\"1373ded\" data-element_type=\"widget\" data-e-type=\"widget\" data-settings=\"{&quot;ekit_we_effect_on&quot;:&quot;none&quot;}\" data-widget_type=\"image.default\">\n\t\t\t\t\t\t\t\t\t\t\t\t\t\t\t<img loading=\"lazy\" decoding=\"async\" width=\"556\" height=\"134\" src=\"https:\/\/confido.dk\/wp-content\/uploads\/2024\/12\/Image_2-removebg-preview.png\" class=\"attachment-large size-large wp-image-6268\" alt=\"blue yellow\" srcset=\"https:\/\/confido.dk\/wp-content\/uploads\/2024\/12\/Image_2-removebg-preview.png 556w, https:\/\/confido.dk\/wp-content\/uploads\/2024\/12\/Image_2-removebg-preview-300x72.png 300w, https:\/\/confido.dk\/wp-content\/uploads\/2024\/12\/Image_2-removebg-preview-18x4.png 18w\" sizes=\"auto, (max-width: 556px) 100vw, 556px\" \/>\t\t\t\t\t\t\t\t\t\t\t\t\t\t\t<\/div>\n\t\t\t\t<div class=\"elementor-element elementor-element-53bbd2b elementor-widget elementor-widget-image\" data-id=\"53bbd2b\" data-element_type=\"widget\" data-e-type=\"widget\" data-settings=\"{&quot;ekit_we_effect_on&quot;:&quot;none&quot;}\" data-widget_type=\"image.default\">\n\t\t\t\t\t\t\t\t\t\t\t\t\t\t\t<img loading=\"lazy\" decoding=\"async\" width=\"1024\" height=\"496\" src=\"https:\/\/confido.dk\/wp-content\/uploads\/2024\/12\/sv-logo-12cacc40a0b84a32ec58a4ddda83ddeb-1024x496.png\" class=\"attachment-large size-large wp-image-6269\" alt=\"savanoriai vaikams\" srcset=\"https:\/\/confido.dk\/wp-content\/uploads\/2024\/12\/sv-logo-12cacc40a0b84a32ec58a4ddda83ddeb-1024x496.png 1024w, https:\/\/confido.dk\/wp-content\/uploads\/2024\/12\/sv-logo-12cacc40a0b84a32ec58a4ddda83ddeb-300x145.png 300w, https:\/\/confido.dk\/wp-content\/uploads\/2024\/12\/sv-logo-12cacc40a0b84a32ec58a4ddda83ddeb-768x372.png 768w, https:\/\/confido.dk\/wp-content\/uploads\/2024\/12\/sv-logo-12cacc40a0b84a32ec58a4ddda83ddeb-18x9.png 18w, https:\/\/confido.dk\/wp-content\/uploads\/2024\/12\/sv-logo-12cacc40a0b84a32ec58a4ddda83ddeb.png 1130w\" sizes=\"auto, (max-width: 1024px) 100vw, 1024px\" \/>\t\t\t\t\t\t\t\t\t\t\t\t\t\t\t<\/div>\n\t\t\t\t<div class=\"elementor-element elementor-element-df65c44 elementor-widget elementor-widget-image\" data-id=\"df65c44\" data-element_type=\"widget\" data-e-type=\"widget\" data-settings=\"{&quot;ekit_we_effect_on&quot;:&quot;none&quot;}\" data-widget_type=\"image.default\">\n\t\t\t\t\t\t\t\t\t\t\t\t\t\t\t<img loading=\"lazy\" decoding=\"async\" width=\"178\" height=\"67\" src=\"https:\/\/confido.dk\/wp-content\/uploads\/2024\/12\/pagalba-autizmui-logo.png\" class=\"attachment-large size-large wp-image-6271\" alt=\"rk logo\" srcset=\"https:\/\/confido.dk\/wp-content\/uploads\/2024\/12\/pagalba-autizmui-logo.png 178w, https:\/\/confido.dk\/wp-content\/uploads\/2024\/12\/pagalba-autizmui-logo-18x7.png 18w\" sizes=\"auto, (max-width: 178px) 100vw, 178px\" \/>\t\t\t\t\t\t\t\t\t\t\t\t\t\t\t<\/div>\n\t\t\t\t<div class=\"elementor-element elementor-element-3014752 elementor-widget elementor-widget-image\" data-id=\"3014752\" data-element_type=\"widget\" data-e-type=\"widget\" data-settings=\"{&quot;ekit_we_effect_on&quot;:&quot;none&quot;}\" data-widget_type=\"image.default\">\n\t\t\t\t\t\t\t\t\t\t\t\t\t\t\t<img loading=\"lazy\" decoding=\"async\" width=\"480\" height=\"216\" src=\"https:\/\/confido.dk\/wp-content\/uploads\/2024\/12\/rk-logo-header.png\" class=\"attachment-large size-large wp-image-6273\" alt=\"rk logo\" srcset=\"https:\/\/confido.dk\/wp-content\/uploads\/2024\/12\/rk-logo-header.png 480w, https:\/\/confido.dk\/wp-content\/uploads\/2024\/12\/rk-logo-header-300x135.png 300w, https:\/\/confido.dk\/wp-content\/uploads\/2024\/12\/rk-logo-header-18x8.png 18w\" sizes=\"auto, (max-width: 480px) 100vw, 480px\" \/>\t\t\t\t\t\t\t\t\t\t\t\t\t\t\t<\/div>\n\t\t\t\t<div class=\"elementor-element elementor-element-6c6ab87 elementor-widget elementor-widget-image\" data-id=\"6c6ab87\" data-element_type=\"widget\" data-e-type=\"widget\" data-settings=\"{&quot;ekit_we_effect_on&quot;:&quot;none&quot;}\" data-widget_type=\"image.default\">\n\t\t\t\t\t\t\t\t\t\t\t\t\t\t\t<img loading=\"lazy\" decoding=\"async\" width=\"225\" height=\"68\" src=\"https:\/\/confido.dk\/wp-content\/uploads\/2026\/02\/Resize-image-project-2026-02-24T193119.566-1.png\" class=\"attachment-large size-large wp-image-10849\" alt=\"jaunimo linija\" srcset=\"https:\/\/confido.dk\/wp-content\/uploads\/2026\/02\/Resize-image-project-2026-02-24T193119.566-1.png 225w, https:\/\/confido.dk\/wp-content\/uploads\/2026\/02\/Resize-image-project-2026-02-24T193119.566-1-18x5.png 18w\" sizes=\"auto, (max-width: 225px) 100vw, 225px\" \/>\t\t\t\t\t\t\t\t\t\t\t\t\t\t\t<\/div>\n\t\t\t\t<div class=\"elementor-element elementor-element-42cbaf4 elementor-widget elementor-widget-image\" data-id=\"42cbaf4\" data-element_type=\"widget\" data-e-type=\"widget\" data-settings=\"{&quot;ekit_we_effect_on&quot;:&quot;none&quot;}\" data-widget_type=\"image.default\">\n\t\t\t\t\t\t\t\t\t\t\t\t\t\t\t<img loading=\"lazy\" decoding=\"async\" width=\"690\" height=\"362\" src=\"https:\/\/confido.dk\/wp-content\/uploads\/2024\/12\/LogoSM_lt-removebg-preview-min.png\" class=\"attachment-large size-large wp-image-6277\" alt=\"raudoos nosys logo\" srcset=\"https:\/\/confido.dk\/wp-content\/uploads\/2024\/12\/LogoSM_lt-removebg-preview-min.png 690w, https:\/\/confido.dk\/wp-content\/uploads\/2024\/12\/LogoSM_lt-removebg-preview-min-300x157.png 300w, https:\/\/confido.dk\/wp-content\/uploads\/2024\/12\/LogoSM_lt-removebg-preview-min-18x9.png 18w\" sizes=\"auto, (max-width: 690px) 100vw, 690px\" \/>\t\t\t\t\t\t\t\t\t\t\t\t\t\t\t<\/div>\n\t\t\t\t<div class=\"elementor-element elementor-element-3ea377e elementor-widget elementor-widget-image\" data-id=\"3ea377e\" data-element_type=\"widget\" data-e-type=\"widget\" data-settings=\"{&quot;ekit_we_effect_on&quot;:&quot;none&quot;}\" data-widget_type=\"image.default\">\n\t\t\t\t\t\t\t\t\t\t\t\t\t\t\t<img loading=\"lazy\" decoding=\"async\" width=\"224\" height=\"225\" src=\"https:\/\/confido.dk\/wp-content\/uploads\/2024\/12\/images-2-removebg-preview.png\" class=\"attachment-large size-large wp-image-6275\" alt=\"vaiko raidos kklinika logo\" srcset=\"https:\/\/confido.dk\/wp-content\/uploads\/2024\/12\/images-2-removebg-preview.png 224w, https:\/\/confido.dk\/wp-content\/uploads\/2024\/12\/images-2-removebg-preview-150x150.png 150w, https:\/\/confido.dk\/wp-content\/uploads\/2024\/12\/images-2-removebg-preview-12x12.png 12w\" sizes=\"auto, (max-width: 224px) 100vw, 224px\" \/>\t\t\t\t\t\t\t\t\t\t\t\t\t\t\t<\/div>\n\t\t\t\t<div class=\"elementor-element elementor-element-5dba841 elementor-widget elementor-widget-image\" data-id=\"5dba841\" data-element_type=\"widget\" data-e-type=\"widget\" data-settings=\"{&quot;ekit_we_effect_on&quot;:&quot;none&quot;}\" data-widget_type=\"image.default\">\n\t\t\t\t\t\t\t\t\t\t\t\t\t\t\t<img loading=\"lazy\" decoding=\"async\" width=\"264\" height=\"192\" src=\"https:\/\/confido.dk\/wp-content\/uploads\/2025\/03\/bpca_logo_lt-A0xe90DkOjhRbP4a-removebg-preview.png\" class=\"attachment-large size-large wp-image-7130\" alt=\"Soziale Verantwortung\" srcset=\"https:\/\/confido.dk\/wp-content\/uploads\/2025\/03\/bpca_logo_lt-A0xe90DkOjhRbP4a-removebg-preview.png 264w, https:\/\/confido.dk\/wp-content\/uploads\/2025\/03\/bpca_logo_lt-A0xe90DkOjhRbP4a-removebg-preview-18x12.png 18w\" sizes=\"auto, (max-width: 264px) 100vw, 264px\" \/>\t\t\t\t\t\t\t\t\t\t\t\t\t\t\t<\/div>\n\t\t\t\t<\/div>\n\t\t\t\t<\/div>\n\t\t<div class=\"elementor-element elementor-element-23e6b5c e-con-full e-flex e-con e-child\" data-id=\"23e6b5c\" data-element_type=\"container\" data-e-type=\"container\" data-settings=\"{&quot;_ha_eqh_enable&quot;:false,&quot;ekit_has_onepagescroll_dot&quot;:&quot;yes&quot;}\">\n\t\t\t\t<div class=\"elementor-element elementor-element-f8744a0 elementor-widget__width-initial animated-slow elementor-invisible elementor-widget elementor-widget-heading\" data-id=\"f8744a0\" data-element_type=\"widget\" data-e-type=\"widget\" data-settings=\"{&quot;_animation&quot;:&quot;fadeInDown&quot;,&quot;_animation_delay&quot;:1000,&quot;ekit_we_effect_on&quot;:&quot;none&quot;}\" data-widget_type=\"heading.default\">\n\t\t\t\t\t<h2 class=\"elementor-heading-title elementor-size-default\">Soziale Verantwortung<\/h2>\t\t\t\t<\/div>\n\t\t\t\t<div class=\"elementor-element elementor-element-9ee9628 elementor-widget__width-initial animated-slow elementor-invisible elementor-widget elementor-widget-text-editor\" data-id=\"9ee9628\" data-element_type=\"widget\" data-e-type=\"widget\" data-settings=\"{&quot;_animation&quot;:&quot;fadeInDown&quot;,&quot;_animation_delay&quot;:150,&quot;ekit_we_effect_on&quot;:&quot;none&quot;}\" data-widget_type=\"text-editor.default\">\n\t\t\t\t\t\t\t\t\t<p>Wir tun Gutes. Und wir tun es im Stillen!<\/p><p>Unsere Unternehmensphilosophie ist eng mit der sozialen Verantwortung verbunden. Wir reden vielleicht nicht viel \u00fcber unsere guten Taten, aber wir sind fest entschlossen, einen positiven Beitrag zu leisten. \nAngesichts von Herausforderungen wie Krieg, Armut, Waisenkindern und der zunehmenden Einsamkeit \u00e4lterer Menschen k\u00f6nnen und wollen wir nicht gleichg\u00fcltig bleiben.\u00a0<\/p><p>Durch durchdachte Initiativen und Aktionen wollen wir zu einer besseren, f\u00fcrsorglicheren Welt beitragen. \nDie Werte der sozialen Verantwortung in unserer Unternehmenskultur sollen sich in konkreten Taten widerspiegeln.<\/p>\t\t\t\t\t\t\t\t<\/div>\n\t\t\t\t<\/div>\n\t\t\t\t\t<\/div>\n\t\t\t\t<\/div>\n\t\t<div class=\"elementor-element elementor-element-957a84f e-flex e-con-boxed e-con e-parent\" data-id=\"957a84f\" data-element_type=\"container\" data-e-type=\"container\" data-settings=\"{&quot;background_background&quot;:&quot;classic&quot;,&quot;_ha_eqh_enable&quot;:false,&quot;ekit_has_onepagescroll_dot&quot;:&quot;yes&quot;}\">\n\t\t\t\t\t<div class=\"e-con-inner\">\n\t\t<div class=\"elementor-element elementor-element-84b593f e-con-full animated-slow e-flex elementor-invisible e-con e-child\" data-id=\"84b593f\" data-element_type=\"container\" data-e-type=\"container\" data-settings=\"{&quot;background_background&quot;:&quot;classic&quot;,&quot;animation&quot;:&quot;fadeIn&quot;,&quot;_ha_eqh_enable&quot;:false,&quot;ekit_has_onepagescroll_dot&quot;:&quot;yes&quot;}\">\n\t\t\t\t<div class=\"elementor-element elementor-element-2ec7437 elementor-widget__width-initial animated-slow elementor-invisible elementor-widget elementor-widget-heading\" data-id=\"2ec7437\" data-element_type=\"widget\" data-e-type=\"widget\" data-settings=\"{&quot;_animation&quot;:&quot;fadeInDown&quot;,&quot;_animation_delay&quot;:1000,&quot;ekit_we_effect_on&quot;:&quot;none&quot;}\" data-widget_type=\"heading.default\">\n\t\t\t\t\t<h2 class=\"elementor-heading-title elementor-size-default\">Unser Antrieb sind die MENSCHEN<\/h2>\t\t\t\t<\/div>\n\t\t\t\t<div class=\"elementor-element elementor-element-4bf1c8c elementor-widget__width-initial animated-slow elementor-invisible elementor-widget elementor-widget-text-editor\" data-id=\"4bf1c8c\" data-element_type=\"widget\" data-e-type=\"widget\" data-settings=\"{&quot;_animation&quot;:&quot;fadeInDown&quot;,&quot;_animation_delay&quot;:150,&quot;ekit_we_effect_on&quot;:&quot;none&quot;}\" data-widget_type=\"text-editor.default\">\n\t\t\t\t\t\t\t\t\t<p>Unsere Mitarbeiter sind unser wertvollstes Kapital!<\/p><p>Bei Confido spielen neben unseren Kunden das Wohlbefinden und der langfristige Erfolg unserer Mitarbeiter eine wichtige Rolle. Hierzu tragen umfassende Gesundheits- und F\u00fcrsorgeprogramme bei.<\/p><ul style=\"list-style-type: square;\"><li>Au\u00dferdem achten wir auf eine ausgewogene Work-Life-Balance und ein einladendes und vielf\u00e4ltiges Arbeitsumfeld.<\/li><li>Unsere flexiblen Arbeitsm\u00f6glichkeiten und Urlaubszeiten helfen unseren Mitarbeitern, ein gesundes Gleichgewicht zwischen Beruf und Privatleben zu finden.<\/li><li>Wir begr\u00fc\u00dfen die Ideen aller und stellen sicher, dass sie Geh\u00f6r finden.<\/li><li>Indem wir uns aktiv mit unseren Mitarbeitern auseinandersetzen und ihre Entwicklung f\u00f6rdern, schaffen wir eine positive und unterst\u00fctzende Arbeitsplatzkultur, in der sich jeder entfalten kann.<\/li><\/ul>\t\t\t\t\t\t\t\t<\/div>\n\t\t\t\t<\/div>\n\t\t<div class=\"elementor-element elementor-element-1325e76 e-con-full animated-slow e-flex elementor-invisible e-con e-child\" data-id=\"1325e76\" data-element_type=\"container\" data-e-type=\"container\" data-settings=\"{&quot;background_background&quot;:&quot;classic&quot;,&quot;animation&quot;:&quot;fadeIn&quot;,&quot;_ha_eqh_enable&quot;:false,&quot;ekit_has_onepagescroll_dot&quot;:&quot;yes&quot;}\">\n\t\t\t\t<\/div>\n\t\t\t\t\t<\/div>\n\t\t\t\t<\/div>\n\t\t\t\t<\/div>","protected":false},"excerpt":{"rendered":"<p>Social responsibility We love to do good works and we do it quietly! Our company philosophy is closely connected to social responsibility. We might not talk much about our good deeds, but we are fully committed to making a positive difference. In the face of challenges like war, poverty, orphans and the loneliness of grandparents, [&hellip;]<\/p>\n","protected":false},"author":2,"featured_media":0,"parent":0,"menu_order":0,"comment_status":"closed","ping_status":"closed","template":"","meta":{"inline_featured_image":false,"site-sidebar-layout":"no-sidebar","site-content-layout":"","ast-site-content-layout":"full-width-container","site-content-style":"default","site-sidebar-style":"default","ast-global-header-display":"","ast-banner-title-visibility":"","ast-main-header-display":"","ast-hfb-above-header-display":"","ast-hfb-below-header-display":"","ast-hfb-mobile-header-display":"","site-post-title":"disabled","ast-breadcrumbs-content":"","ast-featured-img":"disabled","footer-sml-layout":"","ast-disable-related-posts":"","theme-transparent-header-meta":"default","adv-header-id-meta":"","stick-header-meta":"","header-above-stick-meta":"","header-main-stick-meta":"","header-below-stick-meta":"","astra-migrate-meta-layouts":"set","ast-page-background-enabled":"default","ast-page-background-meta":{"desktop":{"background-color":"var(--ast-global-color-4)","background-image":"","background-repeat":"repeat","background-position":"center center","background-size":"auto","background-attachment":"scroll","background-type":"","background-media":"","overlay-type":"","overlay-color":"","overlay-opacity":"","overlay-gradient":""},"tablet":{"background-color":"","background-image":"","background-repeat":"repeat","background-position":"center center","background-size":"auto","background-attachment":"scroll","background-type":"","background-media":"","overlay-type":"","overlay-color":"","overlay-opacity":"","overlay-gradient":""},"mobile":{"background-color":"","background-image":"","background-repeat":"repeat","background-position":"center center","background-size":"auto","background-attachment":"scroll","background-type":"","background-media":"","overlay-type":"","overlay-color":"","overlay-opacity":"","overlay-gradient":""}},"ast-content-background-meta":{"desktop":{"background-color":"var(--ast-global-color-5)","background-image":"","background-repeat":"repeat","background-position":"center center","background-size":"auto","background-attachment":"scroll","background-type":"","background-media":"","overlay-type":"","overlay-color":"","overlay-opacity":"","overlay-gradient":""},"tablet":{"background-color":"var(--ast-global-color-5)","background-image":"","background-repeat":"repeat","background-position":"center center","background-size":"auto","background-attachment":"scroll","background-type":"","background-media":"","overlay-type":"","overlay-color":"","overlay-opacity":"","overlay-gradient":""},"mobile":{"background-color":"var(--ast-global-color-5)","background-image":"","background-repeat":"repeat","background-position":"center center","background-size":"auto","background-attachment":"scroll","background-type":"","background-media":"","overlay-type":"","overlay-color":"","overlay-opacity":"","overlay-gradient":""}},"footnotes":""},"class_list":["post-3047","page","type-page","status-publish","hentry"],"acf":[],"_links":{"self":[{"href":"https:\/\/confido.dk\/de\/wp-json\/wp\/v2\/pages\/3047","targetHints":{"allow":["GET"]}}],"collection":[{"href":"https:\/\/confido.dk\/de\/wp-json\/wp\/v2\/pages"}],"about":[{"href":"https:\/\/confido.dk\/de\/wp-json\/wp\/v2\/types\/page"}],"author":[{"embeddable":true,"href":"https:\/\/confido.dk\/de\/wp-json\/wp\/v2\/users\/2"}],"replies":[{"embeddable":true,"href":"https:\/\/confido.dk\/de\/wp-json\/wp\/v2\/comments?post=3047"}],"version-history":[{"count":6,"href":"https:\/\/confido.dk\/de\/wp-json\/wp\/v2\/pages\/3047\/revisions"}],"predecessor-version":[{"id":10852,"href":"https:\/\/confido.dk\/de\/wp-json\/wp\/v2\/pages\/3047\/revisions\/10852"}],"wp:attachment":[{"href":"https:\/\/confido.dk\/de\/wp-json\/wp\/v2\/media?parent=3047"}],"curies":[{"name":"wp","href":"https:\/\/api.w.org\/{rel}","templated":true}]}}