{"id":3049,"date":"2024-05-23T11:25:45","date_gmt":"2024-05-23T08:25:45","guid":{"rendered":"https:\/\/confido.dk\/?page_id=3049"},"modified":"2025-11-03T11:39:19","modified_gmt":"2025-11-03T09:39:19","slug":"sustainability","status":"publish","type":"page","link":"https:\/\/confido.dk\/de\/sustainability\/","title":{"rendered":"Nachhaltigkeit"},"content":{"rendered":"<div data-elementor-type=\"wp-page\" data-elementor-id=\"3049\" class=\"elementor elementor-3049\" data-elementor-settings=\"{&quot;ha_cmc_init_switcher&quot;:&quot;no&quot;}\" data-elementor-post-type=\"page\">\n\t\t\t\t<div class=\"elementor-element elementor-element-8188345 e-flex e-con-boxed e-con e-parent\" data-id=\"8188345\" data-element_type=\"container\" data-e-type=\"container\" data-settings=\"{&quot;background_background&quot;:&quot;classic&quot;,&quot;_ha_eqh_enable&quot;:false,&quot;ekit_has_onepagescroll_dot&quot;:&quot;yes&quot;}\">\n\t\t\t\t\t<div class=\"e-con-inner\">\n\t\t<div class=\"elementor-element elementor-element-d530be8 e-con-full e-flex e-con e-child\" data-id=\"d530be8\" data-element_type=\"container\" data-e-type=\"container\" data-settings=\"{&quot;_ha_eqh_enable&quot;:false,&quot;ekit_has_onepagescroll_dot&quot;:&quot;yes&quot;}\">\n\t\t\t\t<div class=\"elementor-element elementor-element-7cab205 elementor-widget__width-initial animated-slow elementor-invisible elementor-widget elementor-widget-heading\" data-id=\"7cab205\" data-element_type=\"widget\" data-e-type=\"widget\" data-settings=\"{&quot;_animation&quot;:&quot;fadeInDown&quot;,&quot;_animation_delay&quot;:1000,&quot;ekit_we_effect_on&quot;:&quot;none&quot;}\" data-widget_type=\"heading.default\">\n\t\t\t\t\t<h2 class=\"elementor-heading-title elementor-size-default\">Nachhaltigkeit<\/h2>\t\t\t\t<\/div>\n\t\t\t\t<div class=\"elementor-element elementor-element-d10e06f elementor-widget__width-initial animated-slow elementor-invisible elementor-widget elementor-widget-text-editor\" data-id=\"d10e06f\" data-element_type=\"widget\" data-e-type=\"widget\" data-settings=\"{&quot;_animation&quot;:&quot;fadeInDown&quot;,&quot;_animation_delay&quot;:150,&quot;ekit_we_effect_on&quot;:&quot;none&quot;}\" data-widget_type=\"text-editor.default\">\n\t\t\t\t\t\t\t\t\t<p>Mit unserer besonderen Initiative -den Insektenhotels- leistet Confido einen Beitrag zu einer nachhaltigeren Zukunft.\u00a0<\/p><p>Im Rahmen unseres Engagements f\u00fcr den Umweltschutz bieten wir unseren Kunden diese Insektenhotels als eine M\u00f6glichkeit an, lokal sp\u00fcrbare positive Auswirkungen zu erzielen. Diese speziell entwickelten Strukturen dienen als Lebensraum f\u00fcr n\u00fctzliche Insekten und f\u00f6rdern damit den Erhalt der Artenvielfalt.\u00a0<\/p><p><span style=\"text-align: var(--text-align);\">Bei Confido arbeiten wir kontinuierlich daran, unser Unternehmen auf eine Weise zu f\u00fchren, die gut f\u00fcr die Umwelt ist. F\u00fcr eine bessere Zukunft f\u00fcr Mensch und Natur.<\/span><\/p>\t\t\t\t\t\t\t\t<\/div>\n\t\t\t\t<\/div>\n\t\t<div class=\"elementor-element elementor-element-f427c66 e-con-full e-flex e-con e-child\" data-id=\"f427c66\" data-element_type=\"container\" data-e-type=\"container\" data-settings=\"{&quot;_ha_eqh_enable&quot;:false,&quot;ekit_has_onepagescroll_dot&quot;:&quot;yes&quot;}\">\n\t\t\t\t<div class=\"elementor-element elementor-element-6520fd0 animated-slow elementor-invisible elementor-widget elementor-widget-image\" data-id=\"6520fd0\" data-element_type=\"widget\" data-e-type=\"widget\" data-settings=\"{&quot;ekit_we_effect_on&quot;:&quot;css&quot;,&quot;_animation&quot;:&quot;fadeIn&quot;}\" data-widget_type=\"image.default\">\n\t\t\t\t\t\t\t\t\t\t\t\t\t\t\t<img loading=\"lazy\" decoding=\"async\" width=\"1200\" height=\"1200\" src=\"https:\/\/confido.dk\/wp-content\/uploads\/2025\/01\/Untitled-2025-01-02T130748.611.png\" class=\"attachment-full size-full wp-image-6553\" alt=\"Nachhaltigkeit\" srcset=\"https:\/\/confido.dk\/wp-content\/uploads\/2025\/01\/Untitled-2025-01-02T130748.611.png 1200w, https:\/\/confido.dk\/wp-content\/uploads\/2025\/01\/Untitled-2025-01-02T130748.611-300x300.png 300w, https:\/\/confido.dk\/wp-content\/uploads\/2025\/01\/Untitled-2025-01-02T130748.611-1024x1024.png 1024w, https:\/\/confido.dk\/wp-content\/uploads\/2025\/01\/Untitled-2025-01-02T130748.611-150x150.png 150w, https:\/\/confido.dk\/wp-content\/uploads\/2025\/01\/Untitled-2025-01-02T130748.611-768x768.png 768w, https:\/\/confido.dk\/wp-content\/uploads\/2025\/01\/Untitled-2025-01-02T130748.611-12x12.png 12w\" sizes=\"auto, (max-width: 1200px) 100vw, 1200px\" \/>\t\t\t\t\t\t\t\t\t\t\t\t\t\t\t<\/div>\n\t\t\t\t<\/div>\n\t\t\t\t\t<\/div>\n\t\t\t\t<\/div>\n\t\t<div class=\"elementor-element elementor-element-c5b8b3c e-flex e-con-boxed e-con e-parent\" data-id=\"c5b8b3c\" data-element_type=\"container\" data-e-type=\"container\" data-settings=\"{&quot;background_background&quot;:&quot;classic&quot;,&quot;_ha_eqh_enable&quot;:false,&quot;ekit_has_onepagescroll_dot&quot;:&quot;yes&quot;}\">\n\t\t\t\t\t<div class=\"e-con-inner\">\n\t\t<div class=\"elementor-element elementor-element-06fe078 e-con-full animated-slow e-flex elementor-invisible e-con e-child\" data-id=\"06fe078\" data-element_type=\"container\" data-e-type=\"container\" data-settings=\"{&quot;background_background&quot;:&quot;classic&quot;,&quot;animation&quot;:&quot;fadeIn&quot;,&quot;_ha_eqh_enable&quot;:false,&quot;ekit_has_onepagescroll_dot&quot;:&quot;yes&quot;}\">\n\t\t\t\t<div class=\"elementor-element elementor-element-e3e4168 animated-slow elementor-invisible elementor-widget elementor-widget-image\" data-id=\"e3e4168\" data-element_type=\"widget\" data-e-type=\"widget\" data-settings=\"{&quot;ekit_we_effect_on&quot;:&quot;css&quot;,&quot;_animation&quot;:&quot;fadeIn&quot;}\" data-widget_type=\"image.default\">\n\t\t\t\t\t\t\t\t\t\t\t\t\t\t\t<img loading=\"lazy\" decoding=\"async\" width=\"1200\" height=\"1200\" src=\"https:\/\/confido.dk\/wp-content\/uploads\/2025\/01\/Untitled-2025-01-02T131655.188.jpg\" class=\"attachment-full size-full wp-image-6611\" alt=\"Sustainability hotel\" srcset=\"https:\/\/confido.dk\/wp-content\/uploads\/2025\/01\/Untitled-2025-01-02T131655.188.jpg 1200w, https:\/\/confido.dk\/wp-content\/uploads\/2025\/01\/Untitled-2025-01-02T131655.188-300x300.jpg 300w, https:\/\/confido.dk\/wp-content\/uploads\/2025\/01\/Untitled-2025-01-02T131655.188-1024x1024.jpg 1024w, https:\/\/confido.dk\/wp-content\/uploads\/2025\/01\/Untitled-2025-01-02T131655.188-150x150.jpg 150w, https:\/\/confido.dk\/wp-content\/uploads\/2025\/01\/Untitled-2025-01-02T131655.188-768x768.jpg 768w, https:\/\/confido.dk\/wp-content\/uploads\/2025\/01\/Untitled-2025-01-02T131655.188-12x12.jpg 12w\" sizes=\"auto, (max-width: 1200px) 100vw, 1200px\" \/>\t\t\t\t\t\t\t\t\t\t\t\t\t\t\t<\/div>\n\t\t\t\t<\/div>\n\t\t<div class=\"elementor-element elementor-element-cfd35e2 e-con-full e-flex e-con e-child\" data-id=\"cfd35e2\" data-element_type=\"container\" data-e-type=\"container\" data-settings=\"{&quot;_ha_eqh_enable&quot;:false,&quot;ekit_has_onepagescroll_dot&quot;:&quot;yes&quot;}\">\n\t\t\t\t<div class=\"elementor-element elementor-element-c74802b elementor-widget__width-initial animated-slow elementor-invisible elementor-widget elementor-widget-heading\" data-id=\"c74802b\" data-element_type=\"widget\" data-e-type=\"widget\" data-settings=\"{&quot;_animation&quot;:&quot;fadeInDown&quot;,&quot;_animation_delay&quot;:1000,&quot;ekit_we_effect_on&quot;:&quot;none&quot;}\" data-widget_type=\"heading.default\">\n\t\t\t\t\t<h2 class=\"elementor-heading-title elementor-size-default\">Aufarbeitung von M\u00f6beln<\/h2>\t\t\t\t<\/div>\n\t\t\t\t<div class=\"elementor-element elementor-element-45cc501 elementor-widget__width-initial animated-slow elementor-invisible elementor-widget elementor-widget-text-editor\" data-id=\"45cc501\" data-element_type=\"widget\" data-e-type=\"widget\" data-settings=\"{&quot;_animation&quot;:&quot;fadeInDown&quot;,&quot;_animation_delay&quot;:150,&quot;ekit_we_effect_on&quot;:&quot;none&quot;}\" data-widget_type=\"text-editor.default\">\n\t\t\t\t\t\t\t\t\t<p>Alte M\u00f6bel in neue St\u00fccke zu verwandeln, passt perfekt zu unserem Engagement f\u00fcr Nachhaltigkeit.\n                          Durch Aufarbeitung und Upcycling reduzieren wir Abfall, schonen Ressourcen und geben hochwertigen Materialien neues Leben.\u00a0<\/p><p>Dieser umweltfreundliche Ansatz minimiert nicht nur unseren \u00f6kologischen Fu\u00dfabdruck, sondern schafft auch einzigartige, stilvolle M\u00f6bel, die eine ganz eigene Geschichte der Erneuerung und Verantwortung erz\u00e4hlen.<\/p>\t\t\t\t\t\t\t\t<\/div>\n\t\t\t\t<\/div>\n\t\t\t\t\t<\/div>\n\t\t\t\t<\/div>\n\t\t\t\t<\/div>","protected":false},"excerpt":{"rendered":"<p>Sustainability Confido is proud to contribute to a more sustainable future through our innovative initiative &#8211; the insect hotels.\u00a0 As part of our commitment to environmental responsibility, we offer these insect hotels to our customers, aspiring to create tangible positive impacts. These specially designed structures not only serve as habitats for beneficial insects but also [&hellip;]<\/p>\n","protected":false},"author":2,"featured_media":0,"parent":0,"menu_order":0,"comment_status":"closed","ping_status":"closed","template":"","meta":{"inline_featured_image":false,"site-sidebar-layout":"no-sidebar","site-content-layout":"","ast-site-content-layout":"full-width-container","site-content-style":"default","site-sidebar-style":"default","ast-global-header-display":"","ast-banner-title-visibility":"","ast-main-header-display":"","ast-hfb-above-header-display":"","ast-hfb-below-header-display":"","ast-hfb-mobile-header-display":"","site-post-title":"disabled","ast-breadcrumbs-content":"","ast-featured-img":"disabled","footer-sml-layout":"","ast-disable-related-posts":"","theme-transparent-header-meta":"default","adv-header-id-meta":"","stick-header-meta":"","header-above-stick-meta":"","header-main-stick-meta":"","header-below-stick-meta":"","astra-migrate-meta-layouts":"set","ast-page-background-enabled":"default","ast-page-background-meta":{"desktop":{"background-color":"var(--ast-global-color-4)","background-image":"","background-repeat":"repeat","background-position":"center center","background-size":"auto","background-attachment":"scroll","background-type":"","background-media":"","overlay-type":"","overlay-color":"","overlay-opacity":"","overlay-gradient":""},"tablet":{"background-color":"","background-image":"","background-repeat":"repeat","background-position":"center center","background-size":"auto","background-attachment":"scroll","background-type":"","background-media":"","overlay-type":"","overlay-color":"","overlay-opacity":"","overlay-gradient":""},"mobile":{"background-color":"","background-image":"","background-repeat":"repeat","background-position":"center center","background-size":"auto","background-attachment":"scroll","background-type":"","background-media":"","overlay-type":"","overlay-color":"","overlay-opacity":"","overlay-gradient":""}},"ast-content-background-meta":{"desktop":{"background-color":"var(--ast-global-color-5)","background-image":"","background-repeat":"repeat","background-position":"center center","background-size":"auto","background-attachment":"scroll","background-type":"","background-media":"","overlay-type":"","overlay-color":"","overlay-opacity":"","overlay-gradient":""},"tablet":{"background-color":"var(--ast-global-color-5)","background-image":"","background-repeat":"repeat","background-position":"center center","background-size":"auto","background-attachment":"scroll","background-type":"","background-media":"","overlay-type":"","overlay-color":"","overlay-opacity":"","overlay-gradient":""},"mobile":{"background-color":"var(--ast-global-color-5)","background-image":"","background-repeat":"repeat","background-position":"center center","background-size":"auto","background-attachment":"scroll","background-type":"","background-media":"","overlay-type":"","overlay-color":"","overlay-opacity":"","overlay-gradient":""}},"footnotes":""},"class_list":["post-3049","page","type-page","status-publish","hentry"],"acf":[],"_links":{"self":[{"href":"https:\/\/confido.dk\/de\/wp-json\/wp\/v2\/pages\/3049","targetHints":{"allow":["GET"]}}],"collection":[{"href":"https:\/\/confido.dk\/de\/wp-json\/wp\/v2\/pages"}],"about":[{"href":"https:\/\/confido.dk\/de\/wp-json\/wp\/v2\/types\/page"}],"author":[{"embeddable":true,"href":"https:\/\/confido.dk\/de\/wp-json\/wp\/v2\/users\/2"}],"replies":[{"embeddable":true,"href":"https:\/\/confido.dk\/de\/wp-json\/wp\/v2\/comments?post=3049"}],"version-history":[{"count":3,"href":"https:\/\/confido.dk\/de\/wp-json\/wp\/v2\/pages\/3049\/revisions"}],"predecessor-version":[{"id":10310,"href":"https:\/\/confido.dk\/de\/wp-json\/wp\/v2\/pages\/3049\/revisions\/10310"}],"wp:attachment":[{"href":"https:\/\/confido.dk\/de\/wp-json\/wp\/v2\/media?parent=3049"}],"curies":[{"name":"wp","href":"https:\/\/api.w.org\/{rel}","templated":true}]}}