{"id":4853,"date":"2024-09-06T11:04:31","date_gmt":"2024-09-06T08:04:31","guid":{"rendered":"https:\/\/confido.dk\/?page_id=4853"},"modified":"2024-10-31T11:11:54","modified_gmt":"2024-10-31T09:11:54","slug":"career","status":"publish","type":"page","link":"https:\/\/confido.dk\/de\/career\/","title":{"rendered":"Karriere"},"content":{"rendered":"<div data-elementor-type=\"wp-page\" data-elementor-id=\"4853\" class=\"elementor elementor-4853\" data-elementor-settings=\"{&quot;ha_cmc_init_switcher&quot;:&quot;no&quot;}\" data-elementor-post-type=\"page\">\n\t\t\t\t<div class=\"elementor-element elementor-element-aeddc0d e-flex e-con-boxed e-con e-parent\" data-id=\"aeddc0d\" data-element_type=\"container\" data-e-type=\"container\" data-settings=\"{&quot;_ha_eqh_enable&quot;:false,&quot;ekit_has_onepagescroll_dot&quot;:&quot;yes&quot;}\">\n\t\t\t\t\t<div class=\"e-con-inner\">\n\t\t<div class=\"elementor-element elementor-element-5b5dab9 e-con-full elementor-hidden-mobile e-flex e-con e-child\" data-id=\"5b5dab9\" data-element_type=\"container\" data-e-type=\"container\" data-settings=\"{&quot;_ha_eqh_enable&quot;:false,&quot;ekit_has_onepagescroll_dot&quot;:&quot;yes&quot;}\">\n\t\t\t\t<\/div>\n\t\t<div class=\"elementor-element elementor-element-91ad2e6 e-con-full e-flex e-con e-child\" data-id=\"91ad2e6\" data-element_type=\"container\" data-e-type=\"container\" data-settings=\"{&quot;_ha_eqh_enable&quot;:false,&quot;ekit_has_onepagescroll_dot&quot;:&quot;yes&quot;}\">\n\t\t\t\t<div class=\"elementor-element elementor-element-e271462 animated-slow elementor-invisible elementor-widget elementor-widget-heading\" data-id=\"e271462\" data-element_type=\"widget\" data-e-type=\"widget\" data-settings=\"{&quot;_animation&quot;:&quot;fadeInDown&quot;,&quot;ekit_we_effect_on&quot;:&quot;none&quot;}\" data-widget_type=\"heading.default\">\n\t\t\t\t\t<h2 class=\"elementor-heading-title elementor-size-default\">Auf der Suche nach einem Ort, an dem Du Dich wie zu Hause f\u00fchlst?  \n<br>Werde Teil des Confido-Teams!<\/br><\/h2>\t\t\t\t<\/div>\n\t\t\t\t<\/div>\n\t\t<div class=\"elementor-element elementor-element-0c51467 e-con-full elementor-hidden-mobile e-flex e-con e-child\" data-id=\"0c51467\" data-element_type=\"container\" data-e-type=\"container\" data-settings=\"{&quot;_ha_eqh_enable&quot;:false,&quot;ekit_has_onepagescroll_dot&quot;:&quot;yes&quot;}\">\n\t\t\t\t<\/div>\n\t\t\t\t\t<\/div>\n\t\t\t\t<\/div>\n\t\t<div class=\"elementor-element elementor-element-037ccdb e-flex e-con-boxed e-con e-parent\" data-id=\"037ccdb\" data-element_type=\"container\" data-e-type=\"container\" data-settings=\"{&quot;_ha_eqh_enable&quot;:false,&quot;ekit_has_onepagescroll_dot&quot;:&quot;yes&quot;}\">\n\t\t\t\t\t<div class=\"e-con-inner\">\n\t\t<div class=\"elementor-element elementor-element-8790584 e-con-full animated-slow e-flex elementor-invisible e-con e-child\" data-id=\"8790584\" data-element_type=\"container\" data-e-type=\"container\" data-settings=\"{&quot;background_background&quot;:&quot;classic&quot;,&quot;animation&quot;:&quot;fadeInLeft&quot;,&quot;animation_mobile&quot;:&quot;fadeInDown&quot;,&quot;_ha_eqh_enable&quot;:false,&quot;ekit_has_onepagescroll_dot&quot;:&quot;yes&quot;}\">\n\t\t\t\t<\/div>\n\t\t<div class=\"elementor-element elementor-element-57b1ea2 e-con-full e-flex e-con e-child\" data-id=\"57b1ea2\" data-element_type=\"container\" data-e-type=\"container\" data-settings=\"{&quot;_ha_eqh_enable&quot;:false,&quot;ekit_has_onepagescroll_dot&quot;:&quot;yes&quot;}\">\n\t\t\t\t<div class=\"elementor-element elementor-element-e2ef316 elementor-widget__width-initial animated-slow elementor-widget-mobile__width-initial elementor-invisible elementor-widget elementor-widget-heading\" data-id=\"e2ef316\" data-element_type=\"widget\" data-e-type=\"widget\" data-settings=\"{&quot;_animation&quot;:&quot;fadeInDown&quot;,&quot;ekit_we_effect_on&quot;:&quot;none&quot;}\" data-widget_type=\"heading.default\">\n\t\t\t\t\t<h2 class=\"elementor-heading-title elementor-size-default\">Confido \u2013 Der vertrauensw\u00fcrdige FF&amp;E-Partner f\u00fcr die Hotellerie<\/h2>\t\t\t\t<\/div>\n\t\t\t\t<div class=\"elementor-element elementor-element-f43e467 animated-slow elementor-widget__width-initial elementor-invisible elementor-widget elementor-widget-text-editor\" data-id=\"f43e467\" data-element_type=\"widget\" data-e-type=\"widget\" data-settings=\"{&quot;_animation&quot;:&quot;fadeInDown&quot;,&quot;ekit_we_effect_on&quot;:&quot;none&quot;}\" data-widget_type=\"text-editor.default\">\n\t\t\t\t\t\t\t\t\t<ul style=\"list-style-type: square;\"><li>Unsere ambitionierten Mitarbeiter: die treibende Kraft hinter unserem Erfolg.<\/li><li>Wir gehen st\u00e4ndig an Grenzen, um au\u00dfergew\u00f6hnliche Ergebnisse zu erzielen.<\/li><li>Die Meinung jedes Mitarbeiters wird im Unternehmen geh\u00f6rt und respektiert.<\/li><li>Spannende Reisem\u00f6glichkeiten, da alle unsere Kunden international t\u00e4tig sind.<\/li><li>Genie\u00dfe die Flexibilit\u00e4t von Remote-Arbeitsm\u00f6glichkeiten.<\/li><li>Gesundheits- und Wellnessleistungen.<\/li><\/ul>\t\t\t\t\t\t\t\t<\/div>\n\t\t\t\t<\/div>\n\t\t\t\t\t<\/div>\n\t\t\t\t<\/div>\n\t\t<div class=\"elementor-element elementor-element-a292493 e-flex e-con-boxed e-con e-parent\" data-id=\"a292493\" data-element_type=\"container\" data-e-type=\"container\" data-settings=\"{&quot;_ha_eqh_enable&quot;:false,&quot;ekit_has_onepagescroll_dot&quot;:&quot;yes&quot;}\">\n\t\t\t\t\t<div class=\"e-con-inner\">\n\t\t<div class=\"elementor-element elementor-element-ae7943c e-con-full elementor-hidden-mobile e-flex e-con e-child\" data-id=\"ae7943c\" data-element_type=\"container\" data-e-type=\"container\" data-settings=\"{&quot;_ha_eqh_enable&quot;:false,&quot;ekit_has_onepagescroll_dot&quot;:&quot;yes&quot;}\">\n\t\t\t\t<\/div>\n\t\t<div class=\"elementor-element elementor-element-9aea440 e-con-full e-flex e-con e-child\" data-id=\"9aea440\" data-element_type=\"container\" data-e-type=\"container\" data-settings=\"{&quot;_ha_eqh_enable&quot;:false,&quot;ekit_has_onepagescroll_dot&quot;:&quot;yes&quot;}\">\n\t\t\t\t<div class=\"elementor-element elementor-element-ddc8001 animated-slow elementor-invisible elementor-widget elementor-widget-heading\" data-id=\"ddc8001\" data-element_type=\"widget\" data-e-type=\"widget\" data-settings=\"{&quot;_animation&quot;:&quot;fadeInDown&quot;,&quot;ekit_we_effect_on&quot;:&quot;none&quot;}\" data-widget_type=\"heading.default\">\n\t\t\t\t\t<h2 class=\"elementor-heading-title elementor-size-default\">Aktuell offene Positionen:<\/h2>\t\t\t\t<\/div>\n\t\t\t\t<div class=\"elementor-element elementor-element-e29716c elementor-widget__width-initial animated-slow elementor-invisible elementor-widget elementor-widget-elementskit-advance-accordion\" data-id=\"e29716c\" data-element_type=\"widget\" data-e-type=\"widget\" data-settings=\"{&quot;_animation&quot;:&quot;fadeInDown&quot;,&quot;ekit_we_effect_on&quot;:&quot;none&quot;}\" data-widget_type=\"elementskit-advance-accordion.default\">\n\t\t\t\t<div class=\"elementor-widget-container\">\n\t\t\t\t\t<div class=\"ekit-wid-con\">\n\n        <div class=\"elementskit-accordion accoedion-primary\" id=\"accordion-69dc2e48d3caf\">\n\n            \n                <div class=\"elementskit-card\">\n                    <div class=\"elementskit-card-header\" id=\"primaryHeading-0-e29716c\">\n                        <a href=\"#collapse-154c16a69dc2e48d3caf\" class=\"elementskit-btn-link collapsed\" data-ekit-toggle=\"collapse\" data-target=\"#Collapse-154c16a69dc2e48d3caf\" aria-expanded=\"false\" aria-controls=\"Collapse-154c16a69dc2e48d3caf\">\n                            \n                            <span class=\"ekit-accordion-title\">Projektleiter f\u00fcr den deutschen Markt<\/span>\n\n                            \n                                <div class=\"ekit_accordion_icon_group\">\n\n                                    <div class=\"ekit_accordion_normal_icon\">\n                                        <!-- Normal Icon -->\n                                        <i aria-hidden=\"true\" class=\"icon-open icon-left icon icon-down-arrow1\"><\/i>                                    <\/div>\n\n                                    <div class=\"ekit_accordion_active_icon\">\n                                    <!-- Active Icon -->\n                                    <i aria-hidden=\"true\" class=\"icon-closed icon-left icon icon-up-arrow1\"><\/i>                                    <\/div>\n                                <\/div>\n\n                            \n                                                    <\/a>\n                    <\/div>\n\n                    <div id=\"Collapse-154c16a69dc2e48d3caf\" class=\"collapse\" aria-labelledby=\"primaryHeading-0-e29716c\" data-parent=\"#accordion-69dc2e48d3caf\">\n                      \n                        <div class=\"elementskit-card-body\">\n                            \n\t\t<div class=\"widgetarea_warper widgetarea_warper_editable\" data-elementskit-widgetarea-key=\"e29716c\"  data-elementskit-widgetarea-index=\"154c16a\">\n\t\t\t\n\t\t\t\n\t\t\t\t\t\t\t\t<div class=\"ekit-widget-area-container\">\n\t\t\t\t\t\t\t<div data-elementor-type=\"wp-post\" data-elementor-id=\"4862\" class=\"elementor elementor-4862\" data-elementor-settings=\"{&quot;ha_cmc_init_switcher&quot;:&quot;no&quot;}\" data-elementor-post-type=\"elementskit_content\">\n\t\t\t\t<div class=\"elementor-element elementor-element-cb513e9 e-flex e-con-boxed e-con e-parent\" data-id=\"cb513e9\" data-element_type=\"container\" data-e-type=\"container\" data-settings=\"{&quot;_ha_eqh_enable&quot;:false,&quot;ekit_has_onepagescroll_dot&quot;:&quot;yes&quot;}\">\n\t\t\t\t\t<div class=\"e-con-inner\">\n\t\t\t\t<div class=\"elementor-element elementor-element-d7ab3d8 elementor-widget elementor-widget-text-editor\" data-id=\"d7ab3d8\" data-element_type=\"widget\" data-e-type=\"widget\" data-settings=\"{&quot;ekit_we_effect_on&quot;:&quot;none&quot;}\" data-widget_type=\"text-editor.default\">\n\t\t\t\t\t\t\t\t\t<p>JSC \u201eConfido\u201c sucht einen qualifizierten und erfahrenen Projektmanager f\u00fcr die Leitung und \u00dcberwachung von Projekten, das Management von Installationen und die Koordination der Logistik f\u00fcr den deutschen Markt. Diese Rolle erfordert eine starke Kommunikation mit internen Teams und externen Partnern, um sicherzustellen, dass die Projekte von Anfang bis Ende reibungslos durchgef\u00fchrt werden.<\/p><p><strong class=\"my-20\">Hauptverantwortlichkeiten:<\/strong><\/p><ul style=\"list-style-type: square;\"><li><span style=\"font-weight: 400;\">Vertragspr\u00fcfung und -einhaltung: Stellen Sie sicher, dass alle Projektvertr\u00e4ge den gesetzlichen Anforderungen und den Unternehmensstandards entsprechen und alle Bedingungen korrekt umgesetzt werden.<\/span><\/li><li><span style=\"font-weight: 400;\">Projektleitung: Leitung und Management von Projektteams von der ersten Planungsphase bis zum Abschluss.<\/span><\/li><li style=\"font-weight: 400;\" aria-level=\"1\"><span style=\"font-weight: 400;\">Verwaltung von Budgets und Zeitpl\u00e4nen: Verwalten von Projektbudgets und Zeitpl\u00e4nen, um sicherzustellen, dass sie den Erwartungen der Kunden und den Unternehmensstandards entsprechen.<\/span><\/li><li style=\"font-weight: 400;\" aria-level=\"1\"><span style=\"font-weight: 400;\">Kommunikation mit dem Team und den Stakeholdern: Aufrechterhaltung einer offenen und effektiven Kommunikation mit Teammitgliedern und Interessengruppen w\u00e4hrend der gesamten Projektlaufzeit.<\/span><\/li><li><span style=\"font-weight: 400;\">Angebotserstellung: Erstellung und Zusammenstellung pr\u00e4ziser Angebote f\u00fcr verschiedene Projektkomponenten, einschlie\u00dflich M\u00f6bel.<\/span><\/li><li style=\"font-weight: 400;\" aria-level=\"1\"><span style=\"font-weight: 400;\">Beschaffung von Lieferanten: Identifizieren und beschaffen Sie neue Lieferanten und Produkte, die den Projektanforderungen entsprechen.<\/span><\/li><li style=\"font-weight: 400;\" aria-level=\"1\"><span style=\"font-weight: 400;\">Inspektionen vor Ort: F\u00fchren Sie Besuche vor Ort durch, um den Fortschritt zu verfolgen und sicherzustellen, dass die Installationen effizient und innerhalb des geplanten Zeitrahmens durchgef\u00fchrt werden.<\/span><\/li><li><span style=\"font-weight: 400;\">Kundenbesprechungen: Nehmen Sie an Besprechungen mit Kunden teil, um das Projekt auf den neuesten Stand zu bringen und notwendige Anpassungen zu besprechen.<\/span><\/li><\/ul><p><strong class=\"my-20\">Anforderungen:<\/strong><\/p><ul style=\"list-style-type: square;\"><li><span style=\"font-weight: 400;\">Erfahrung: Mindestens ein Jahr Erfahrung in der M\u00f6belherstellungsbranche, insbesondere in Projektmanagementfunktionen.<\/span><\/li><li style=\"font-weight: 400;\" aria-level=\"1\"><span style=\"font-weight: 400;\">Sprachkenntnisse: Flie\u00dfende Beherrschung der litauischen und deutschen Sprache ist erforderlich; Englischkenntnisse sind von gro\u00dfem Vorteil.<\/span><\/li><li style=\"font-weight: 400;\" aria-level=\"1\"><span style=\"font-weight: 400;\">Technisches Fachwissen: Ausgepr\u00e4gte Kenntnisse der technischen Projektdetails und Entwurfsprozesse.<\/span><\/li><li style=\"font-weight: 400;\" aria-level=\"1\"><span style=\"font-weight: 400;\">Verhandlungsgeschick und Probleml\u00f6sungskompetenz: Ausgezeichnetes Verhandlungsgeschick und nachgewiesene F\u00e4higkeit, praktische Probleme zu l\u00f6sen.<\/span><\/li><li><span style=\"font-weight: 400;\">F\u00fchrerschein: Ein g\u00fcltiger F\u00fchrerschein der Klasse B.<\/span><\/li><li><span style=\"font-weight: 400;\">Ausbildung: Ein Hochschulabschluss in einem technischen Bereich ist von Vorteil.<\/span><\/li><li><span style=\"font-weight: 400;\">Pers\u00f6nliche Attribute: Hervorragend organisiert, proaktiv und kooperativ, mit ausgezeichneten F\u00fchrungs- und Kommunikationsf\u00e4higkeiten.<\/span><\/li><\/ul><p><strong class=\"my-20\">Zus\u00e4tzliche Aufgaben:<\/strong><\/p><ul style=\"list-style-type: square;\"><li><span style=\"font-weight: 400;\">Unterst\u00fctzung bei der kontinuierlichen Verbesserung der Unternehmensprozesse und -methoden.<\/span><\/li><li><span style=\"font-weight: 400;\">Anpassung an und Unterst\u00fctzung von Ver\u00e4nderungen im gesamten Unternehmen.<\/span><\/li><\/ul><p><strong class=\"my-20\">Gehalt:<\/strong><\/p><p><strong class=\"my-20\"><span style=\"font-weight: 400;\">Das Gehalt liegt zwischen 2500 \u20ac und 5000 \u20ac brutto pro Monat, je nach Qualifikation und Erfahrung.<\/span><\/strong><\/p>\t\t\t\t\t\t\t\t<\/div>\n\t\t\t\t\t<\/div>\n\t\t\t\t<\/div>\n\t\t\t\t<\/div>\n\t\t\t\t\t\t\t<\/div>\n\t\t\t\t\t\t<\/div>\n\t\t                        <\/div>\n\n                    <\/div>\n\n                <\/div><!-- .elementskit-card END --> \n\n                        <\/div>\n    <\/div>\t\t\t\t<\/div>\n\t\t\t\t<\/div>\n\t\t\t\t<\/div>\n\t\t<div class=\"elementor-element elementor-element-2b6faff e-con-full elementor-hidden-mobile e-flex e-con e-child\" data-id=\"2b6faff\" data-element_type=\"container\" data-e-type=\"container\" data-settings=\"{&quot;_ha_eqh_enable&quot;:false,&quot;ekit_has_onepagescroll_dot&quot;:&quot;yes&quot;}\">\n\t\t\t\t<\/div>\n\t\t\t\t\t<\/div>\n\t\t\t\t<\/div>\n\t\t<div class=\"elementor-element elementor-element-7d42d49 e-flex e-con-boxed e-con e-parent\" data-id=\"7d42d49\" data-element_type=\"container\" data-e-type=\"container\" data-settings=\"{&quot;_ha_eqh_enable&quot;:false,&quot;ekit_has_onepagescroll_dot&quot;:&quot;yes&quot;}\">\n\t\t\t\t\t<div class=\"e-con-inner\">\n\t\t<div class=\"elementor-element elementor-element-0ad8c2a e-con-full elementor-hidden-mobile e-flex e-con e-child\" data-id=\"0ad8c2a\" data-element_type=\"container\" data-e-type=\"container\" data-settings=\"{&quot;_ha_eqh_enable&quot;:false,&quot;ekit_has_onepagescroll_dot&quot;:&quot;yes&quot;}\">\n\t\t\t\t<\/div>\n\t\t<div class=\"elementor-element elementor-element-6716667 e-con-full e-flex e-con e-child\" data-id=\"6716667\" data-element_type=\"container\" data-e-type=\"container\" data-settings=\"{&quot;_ha_eqh_enable&quot;:false,&quot;ekit_has_onepagescroll_dot&quot;:&quot;yes&quot;}\">\n\t\t\t\t<div class=\"elementor-element elementor-element-06e4bdd animated-slow elementor-invisible elementor-widget elementor-widget-heading\" data-id=\"06e4bdd\" data-element_type=\"widget\" data-e-type=\"widget\" data-settings=\"{&quot;_animation&quot;:&quot;fadeInDown&quot;,&quot;ekit_we_effect_on&quot;:&quot;none&quot;}\" data-widget_type=\"heading.default\">\n\t\t\t\t\t<h2 class=\"elementor-heading-title elementor-size-default\">Bereit bei Confido durchzustarten?<\/h2>\t\t\t\t<\/div>\n\t\t\t\t<div class=\"elementor-element elementor-element-815ee01 animated-slow elementor-invisible elementor-widget elementor-widget-text-editor\" data-id=\"815ee01\" data-element_type=\"widget\" data-e-type=\"widget\" data-settings=\"{&quot;_animation&quot;:&quot;fadeInDown&quot;,&quot;ekit_we_effect_on&quot;:&quot;none&quot;}\" data-widget_type=\"text-editor.default\">\n\t\t\t\t\t\t\t\t\t<p>Sende Deine Bewerbung an <a href=\"mailto:hello@confido.dk\">hello@confido.dk<\/a><\/p>\t\t\t\t\t\t\t\t<\/div>\n\t\t\t\t<\/div>\n\t\t<div class=\"elementor-element elementor-element-0f817f5 e-con-full elementor-hidden-mobile e-flex e-con e-child\" data-id=\"0f817f5\" data-element_type=\"container\" data-e-type=\"container\" data-settings=\"{&quot;_ha_eqh_enable&quot;:false,&quot;ekit_has_onepagescroll_dot&quot;:&quot;yes&quot;}\">\n\t\t\t\t<\/div>\n\t\t\t\t\t<\/div>\n\t\t\t\t<\/div>\n\t\t\t\t<\/div>","protected":false},"excerpt":{"rendered":"<p>Looking for a place that feels like home? Join the Confido Team! Confido &#8211; Trusted FF &amp; E Partner Our ambitious employees are the driving force behind our success. We constantly push boundaries to deliver exceptional results. Every employee\u2019s voice is heard and respected within the company. Travel opportunities since all our clients are international. [&hellip;]<\/p>\n","protected":false},"author":2,"featured_media":0,"parent":0,"menu_order":0,"comment_status":"closed","ping_status":"closed","template":"","meta":{"inline_featured_image":false,"site-sidebar-layout":"no-sidebar","site-content-layout":"","ast-site-content-layout":"full-width-container","site-content-style":"default","site-sidebar-style":"default","ast-global-header-display":"","ast-banner-title-visibility":"","ast-main-header-display":"","ast-hfb-above-header-display":"","ast-hfb-below-header-display":"","ast-hfb-mobile-header-display":"","site-post-title":"disabled","ast-breadcrumbs-content":"","ast-featured-img":"disabled","footer-sml-layout":"","ast-disable-related-posts":"","theme-transparent-header-meta":"default","adv-header-id-meta":"","stick-header-meta":"","header-above-stick-meta":"","header-main-stick-meta":"","header-below-stick-meta":"","astra-migrate-meta-layouts":"set","ast-page-background-enabled":"default","ast-page-background-meta":{"desktop":{"background-color":"var(--ast-global-color-4)","background-image":"","background-repeat":"repeat","background-position":"center center","background-size":"auto","background-attachment":"scroll","background-type":"","background-media":"","overlay-type":"","overlay-color":"","overlay-opacity":"","overlay-gradient":""},"tablet":{"background-color":"","background-image":"","background-repeat":"repeat","background-position":"center center","background-size":"auto","background-attachment":"scroll","background-type":"","background-media":"","overlay-type":"","overlay-color":"","overlay-opacity":"","overlay-gradient":""},"mobile":{"background-color":"","background-image":"","background-repeat":"repeat","background-position":"center center","background-size":"auto","background-attachment":"scroll","background-type":"","background-media":"","overlay-type":"","overlay-color":"","overlay-opacity":"","overlay-gradient":""}},"ast-content-background-meta":{"desktop":{"background-color":"var(--ast-global-color-5)","background-image":"","background-repeat":"repeat","background-position":"center center","background-size":"auto","background-attachment":"scroll","background-type":"","background-media":"","overlay-type":"","overlay-color":"","overlay-opacity":"","overlay-gradient":""},"tablet":{"background-color":"var(--ast-global-color-5)","background-image":"","background-repeat":"repeat","background-position":"center center","background-size":"auto","background-attachment":"scroll","background-type":"","background-media":"","overlay-type":"","overlay-color":"","overlay-opacity":"","overlay-gradient":""},"mobile":{"background-color":"var(--ast-global-color-5)","background-image":"","background-repeat":"repeat","background-position":"center center","background-size":"auto","background-attachment":"scroll","background-type":"","background-media":"","overlay-type":"","overlay-color":"","overlay-opacity":"","overlay-gradient":""}},"footnotes":""},"class_list":["post-4853","page","type-page","status-publish","hentry"],"acf":[],"_links":{"self":[{"href":"https:\/\/confido.dk\/de\/wp-json\/wp\/v2\/pages\/4853","targetHints":{"allow":["GET"]}}],"collection":[{"href":"https:\/\/confido.dk\/de\/wp-json\/wp\/v2\/pages"}],"about":[{"href":"https:\/\/confido.dk\/de\/wp-json\/wp\/v2\/types\/page"}],"author":[{"embeddable":true,"href":"https:\/\/confido.dk\/de\/wp-json\/wp\/v2\/users\/2"}],"replies":[{"embeddable":true,"href":"https:\/\/confido.dk\/de\/wp-json\/wp\/v2\/comments?post=4853"}],"version-history":[{"count":0,"href":"https:\/\/confido.dk\/de\/wp-json\/wp\/v2\/pages\/4853\/revisions"}],"wp:attachment":[{"href":"https:\/\/confido.dk\/de\/wp-json\/wp\/v2\/media?parent=4853"}],"curies":[{"name":"wp","href":"https:\/\/api.w.org\/{rel}","templated":true}]}}