{"id":5558,"date":"2024-10-24T12:34:18","date_gmt":"2024-10-24T09:34:18","guid":{"rendered":"https:\/\/confido.dk\/?page_id=5558"},"modified":"2026-03-15T01:26:29","modified_gmt":"2026-03-14T23:26:29","slug":"services","status":"publish","type":"page","link":"https:\/\/confido.dk\/de\/services\/","title":{"rendered":"Services"},"content":{"rendered":"<div data-elementor-type=\"wp-page\" data-elementor-id=\"5558\" class=\"elementor elementor-5558\" data-elementor-settings=\"{&quot;ha_cmc_init_switcher&quot;:&quot;no&quot;}\" data-elementor-post-type=\"page\">\n\t\t\t\t<div class=\"elementor-element elementor-element-b3ab795 e-flex e-con-boxed e-con e-parent\" data-id=\"b3ab795\" data-element_type=\"container\" data-e-type=\"container\" data-settings=\"{&quot;background_background&quot;:&quot;classic&quot;,&quot;_ha_eqh_enable&quot;:false,&quot;ekit_has_onepagescroll_dot&quot;:&quot;yes&quot;}\">\n\t\t\t\t\t<div class=\"e-con-inner\">\n\t\t<div class=\"elementor-element elementor-element-c57dc3e e-con-full e-flex e-con e-child\" data-id=\"c57dc3e\" data-element_type=\"container\" data-e-type=\"container\" data-settings=\"{&quot;background_background&quot;:&quot;classic&quot;,&quot;_ha_eqh_enable&quot;:false,&quot;ekit_has_onepagescroll_dot&quot;:&quot;yes&quot;}\">\n\t\t\t\t<div class=\"elementor-element elementor-element-0b795fe elementor-widget__width-inherit elementor-widget elementor-widget-ha-image-hover-effect happy-addon ha-image-hover-effect\" data-id=\"0b795fe\" data-element_type=\"widget\" data-e-type=\"widget\" data-settings=\"{&quot;ekit_we_effect_on&quot;:&quot;none&quot;}\" data-widget_type=\"ha-image-hover-effect.default\">\n\t\t\t\t\t\t\t<div class=\"ha-ihe-wrapper grid\">\n\t\t\t<figure class=\"ha-ihe-fig ha-effect-sadie\">\n\t\t\t\t<img decoding=\"async\" class=\"ha-ihe-img\" src=\"https:\/\/honeydew-wildcat-300520.hostingersite.com\/wp-content\/uploads\/2024\/11\/Untitled-2024-11-13T162921.334.png\" alt=\"Image hover effect image\" \/>\n\t\t\t\t<figcaption class=\"ha-ihe-caption\">\n\t\t\t\t\t\t\t\t\t\t\t<h2 class=\"ha-ihe-title\">Design-Entw\u00fcrfe <\/h2>\t\t\t\t\t\t\t\t\t\t\t\t\t<p class=\"ha-ihe-desc\"><span>Raumplanung und Layoutgestaltung<\/span>\n<span>Innenarchitekturberatung<\/span>\n<span>Individuelle M\u00f6belgestaltung<\/span>\n<\/p>\n\t\t\t\t\t\t\t\t\t\t\t\t\t\t\t\t\t\t\t\t\t<\/figcaption>\n\t\t\t<\/figure>\n\t\t<\/div>\n\t\t\t\t<\/div>\n\t\t\t\t<\/div>\n\t\t<div class=\"elementor-element elementor-element-eefa9cc e-con-full e-flex e-con e-child\" data-id=\"eefa9cc\" data-element_type=\"container\" data-e-type=\"container\" data-settings=\"{&quot;background_background&quot;:&quot;classic&quot;,&quot;_ha_eqh_enable&quot;:false,&quot;ekit_has_onepagescroll_dot&quot;:&quot;yes&quot;}\">\n\t\t\t\t<div class=\"elementor-element elementor-element-eaacd80 elementor-widget elementor-widget-ha-image-hover-effect happy-addon ha-image-hover-effect\" data-id=\"eaacd80\" data-element_type=\"widget\" data-e-type=\"widget\" data-settings=\"{&quot;ekit_we_effect_on&quot;:&quot;none&quot;}\" data-widget_type=\"ha-image-hover-effect.default\">\n\t\t\t\t\t\t\t<div class=\"ha-ihe-wrapper grid\">\n\t\t\t<figure class=\"ha-ihe-fig ha-effect-sadie\">\n\t\t\t\t<img decoding=\"async\" class=\"ha-ihe-img\" src=\"https:\/\/honeydew-wildcat-300520.hostingersite.com\/wp-content\/uploads\/2024\/11\/Untitled-2024-11-14T125932.438.png\" alt=\"Image hover effect image\" \/>\n\t\t\t\t<figcaption class=\"ha-ihe-caption\">\n\t\t\t\t\t\t\t\t\t\t\t<h2 class=\"ha-ihe-title\">3D-Visualisierungen<\/h2>\t\t\t\t\t\t\t\t\t\t\t\t\t<p class=\"ha-ihe-desc\"><span>GGIs <\/span>\n<span>360<\/span>\n<span>Renderings und Animationen<\/span><\/p>\n\t\t\t\t\t\t\t\t\t\t\t\t\t\t\t\t\t\t\t\t\t<\/figcaption>\n\t\t\t<\/figure>\n\t\t<\/div>\n\t\t\t\t<\/div>\n\t\t\t\t<\/div>\n\t\t<div class=\"elementor-element elementor-element-2a79c3d e-con-full e-flex e-con e-child\" data-id=\"2a79c3d\" data-element_type=\"container\" data-e-type=\"container\" data-settings=\"{&quot;background_background&quot;:&quot;classic&quot;,&quot;_ha_eqh_enable&quot;:false,&quot;ekit_has_onepagescroll_dot&quot;:&quot;yes&quot;}\">\n\t\t\t\t<div class=\"elementor-element elementor-element-ac85008 elementor-widget elementor-widget-ha-image-hover-effect happy-addon ha-image-hover-effect\" data-id=\"ac85008\" data-element_type=\"widget\" data-e-type=\"widget\" data-settings=\"{&quot;ekit_we_effect_on&quot;:&quot;none&quot;}\" data-widget_type=\"ha-image-hover-effect.default\">\n\t\t\t\t\t\t\t<div class=\"ha-ihe-wrapper grid\">\n\t\t\t<figure class=\"ha-ihe-fig ha-effect-sadie\">\n\t\t\t\t<img decoding=\"async\" class=\"ha-ihe-img\" src=\"https:\/\/honeydew-wildcat-300520.hostingersite.com\/wp-content\/uploads\/2024\/11\/Untitled-2024-11-14T155427.126.png\" alt=\"Image hover effect image\" \/>\n\t\t\t\t<figcaption class=\"ha-ihe-caption\">\n\t\t\t\t\t\t\t\t\t\t\t<h2 class=\"ha-ihe-title\">3D- Raum-Scan<\/h2>\t\t\t\t\t\t\t\t\t\t\t\t\t<p class=\"ha-ihe-desc\"><span>F\u00fcr alle Raumgr\u00f6\u00dfen, auch f\u00fcr \u00f6ffentliche Bereiche <\/span>\n<span>Direkter Datenimport zur Weiterverarbeitung<\/span>\n<\/p>\n\t\t\t\t\t\t\t\t\t\t\t\t\t\t\t\t\t\t\t\t\t<\/figcaption>\n\t\t\t<\/figure>\n\t\t<\/div>\n\t\t\t\t<\/div>\n\t\t\t\t<\/div>\n\t\t\t\t\t<\/div>\n\t\t\t\t<\/div>\n\t\t<div class=\"elementor-element elementor-element-ef42d8c e-flex e-con-boxed e-con e-parent\" data-id=\"ef42d8c\" data-element_type=\"container\" data-e-type=\"container\" data-settings=\"{&quot;background_background&quot;:&quot;classic&quot;,&quot;_ha_eqh_enable&quot;:false,&quot;ekit_has_onepagescroll_dot&quot;:&quot;yes&quot;}\">\n\t\t\t\t\t<div class=\"e-con-inner\">\n\t\t<div class=\"elementor-element elementor-element-e586b41 e-con-full e-flex e-con e-child\" data-id=\"e586b41\" data-element_type=\"container\" data-e-type=\"container\" data-settings=\"{&quot;background_background&quot;:&quot;classic&quot;,&quot;_ha_eqh_enable&quot;:false,&quot;ekit_has_onepagescroll_dot&quot;:&quot;yes&quot;}\">\n\t\t\t\t<div class=\"elementor-element elementor-element-81f2712 elementor-widget elementor-widget-ha-image-hover-effect happy-addon ha-image-hover-effect\" data-id=\"81f2712\" data-element_type=\"widget\" data-e-type=\"widget\" data-settings=\"{&quot;ekit_we_effect_on&quot;:&quot;none&quot;}\" data-widget_type=\"ha-image-hover-effect.default\">\n\t\t\t\t\t\t\t<div class=\"ha-ihe-wrapper grid\">\n\t\t\t<figure class=\"ha-ihe-fig ha-effect-sadie\">\n\t\t\t\t<img decoding=\"async\" class=\"ha-ihe-img\" src=\"https:\/\/honeydew-wildcat-300520.hostingersite.com\/wp-content\/uploads\/2024\/11\/Untitled-2024-11-13T164022.917.png\" alt=\"Image hover effect image\" \/>\n\t\t\t\t<figcaption class=\"ha-ihe-caption\">\n\t\t\t\t\t\t\t\t\t\t\t<h2 class=\"ha-ihe-title\">Wertanalyse<\/h2>\t\t\t\t\t\t\t\t\t\t\t\t\t<p class=\"ha-ihe-desc\"><span>Verbesserung der Projekteffizienz und -qualit\u00e4t<\/span>\n<span>Kostenoptimierung <\/span>\n<span>Wertsch\u00f6pfung und Wertmaximierung <\/span><\/p>\n\t\t\t\t\t\t\t\t\t\t\t\t\t\t\t\t\t\t\t\t\t<\/figcaption>\n\t\t\t<\/figure>\n\t\t<\/div>\n\t\t\t\t<\/div>\n\t\t\t\t<\/div>\n\t\t<div class=\"elementor-element elementor-element-8fad9d5 e-con-full e-flex e-con e-child\" data-id=\"8fad9d5\" data-element_type=\"container\" data-e-type=\"container\" data-settings=\"{&quot;background_background&quot;:&quot;classic&quot;,&quot;_ha_eqh_enable&quot;:false,&quot;ekit_has_onepagescroll_dot&quot;:&quot;yes&quot;}\">\n\t\t\t\t<div class=\"elementor-element elementor-element-7c594cd elementor-widget elementor-widget-ha-image-hover-effect happy-addon ha-image-hover-effect\" data-id=\"7c594cd\" data-element_type=\"widget\" data-e-type=\"widget\" data-settings=\"{&quot;ekit_we_effect_on&quot;:&quot;none&quot;}\" data-widget_type=\"ha-image-hover-effect.default\">\n\t\t\t\t\t\t\t<div class=\"ha-ihe-wrapper grid\">\n\t\t\t<figure class=\"ha-ihe-fig ha-effect-sadie\">\n\t\t\t\t<img decoding=\"async\" class=\"ha-ihe-img\" src=\"https:\/\/honeydew-wildcat-300520.hostingersite.com\/wp-content\/uploads\/2024\/11\/Untitled-2024-11-13T164550.607.png\" alt=\"Image hover effect image\" \/>\n\t\t\t\t<figcaption class=\"ha-ihe-caption\">\n\t\t\t\t\t\t\t\t\t\t\t<h2 class=\"ha-ihe-title\">Produktion<\/h2>\t\t\t\t\t\t\t\t\t\t\t\t\t<p class=\"ha-ihe-desc\"><span>Einzigartige St\u00fccke durch die Kombination von Holz, Stein, Metall, Messing, Glas und mehr f\u00fcr ma\u00dfgeschneiderte, hochwertige L\u00f6sungen<\/span>\n<span>flexibel dank mehrerer eigener Fabriken<\/span>\n<span>vollst\u00e4ndige Kontrolle \u00fcber Qualit\u00e4t und Prozesse<\/span><\/p>\n\t\t\t\t\t\t\t\t\t\t\t\t\t\t\t\t\t\t\t\t\t<\/figcaption>\n\t\t\t<\/figure>\n\t\t<\/div>\n\t\t\t\t<\/div>\n\t\t\t\t<\/div>\n\t\t<div class=\"elementor-element elementor-element-a50a10d e-con-full e-flex e-con e-child\" data-id=\"a50a10d\" data-element_type=\"container\" data-e-type=\"container\" data-settings=\"{&quot;background_background&quot;:&quot;classic&quot;,&quot;_ha_eqh_enable&quot;:false,&quot;ekit_has_onepagescroll_dot&quot;:&quot;yes&quot;}\">\n\t\t\t\t<div class=\"elementor-element elementor-element-d8e0f0d elementor-widget elementor-widget-ha-image-hover-effect happy-addon ha-image-hover-effect\" data-id=\"d8e0f0d\" data-element_type=\"widget\" data-e-type=\"widget\" data-settings=\"{&quot;ekit_we_effect_on&quot;:&quot;none&quot;}\" data-widget_type=\"ha-image-hover-effect.default\">\n\t\t\t\t\t\t\t<div class=\"ha-ihe-wrapper grid\">\n\t\t\t<figure class=\"ha-ihe-fig ha-effect-sadie\">\n\t\t\t\t<img decoding=\"async\" class=\"ha-ihe-img\" src=\"https:\/\/honeydew-wildcat-300520.hostingersite.com\/wp-content\/uploads\/2024\/11\/Untitled-2024-11-21T124341.556.png\" alt=\"Image hover effect image\" \/>\n\t\t\t\t<figcaption class=\"ha-ihe-caption\">\n\t\t\t\t\t\t\t\t\t\t\t<h2 class=\"ha-ihe-title\">Logistik und Lieferung<\/h2>\t\t\t\t\t\t\t\t\t\t\t\t\t<p class=\"ha-ihe-desc\"><span>Lieferung per Stra\u00dfe, See und Luft<\/span>\n<span>Flexible Lkw-Gr\u00f6\u00dfen f\u00fcr alle Transportanforderungen<\/span>\n<span>Verl\u00e4ssliche Erledigung von Zollformalit\u00e4ten<\/span><\/p>\n\t\t\t\t\t\t\t\t\t\t\t\t\t\t\t\t\t\t\t\t\t<\/figcaption>\n\t\t\t<\/figure>\n\t\t<\/div>\n\t\t\t\t<\/div>\n\t\t\t\t<\/div>\n\t\t\t\t\t<\/div>\n\t\t\t\t<\/div>\n\t\t<div class=\"elementor-element elementor-element-469af7f e-flex e-con-boxed e-con e-parent\" data-id=\"469af7f\" data-element_type=\"container\" data-e-type=\"container\" data-settings=\"{&quot;background_background&quot;:&quot;classic&quot;,&quot;_ha_eqh_enable&quot;:false,&quot;ekit_has_onepagescroll_dot&quot;:&quot;yes&quot;}\">\n\t\t\t\t\t<div class=\"e-con-inner\">\n\t\t<div class=\"elementor-element elementor-element-4106b85 e-con-full e-flex e-con e-child\" data-id=\"4106b85\" data-element_type=\"container\" data-e-type=\"container\" data-settings=\"{&quot;background_background&quot;:&quot;classic&quot;,&quot;_ha_eqh_enable&quot;:false,&quot;ekit_has_onepagescroll_dot&quot;:&quot;yes&quot;}\">\n\t\t\t\t<div class=\"elementor-element elementor-element-f8ef252 elementor-widget elementor-widget-ha-image-hover-effect happy-addon ha-image-hover-effect\" data-id=\"f8ef252\" data-element_type=\"widget\" data-e-type=\"widget\" data-settings=\"{&quot;ekit_we_effect_on&quot;:&quot;none&quot;}\" data-widget_type=\"ha-image-hover-effect.default\">\n\t\t\t\t\t\t\t<div class=\"ha-ihe-wrapper grid\">\n\t\t\t<figure class=\"ha-ihe-fig ha-effect-sadie\">\n\t\t\t\t<img decoding=\"async\" class=\"ha-ihe-img\" src=\"https:\/\/honeydew-wildcat-300520.hostingersite.com\/wp-content\/uploads\/2024\/11\/Untitled-2024-11-27T105628.686.png\" alt=\"Image hover effect image\" \/>\n\t\t\t\t<figcaption class=\"ha-ihe-caption\">\n\t\t\t\t\t\t\t\t\t\t\t<h2 class=\"ha-ihe-title\">Einbau und Installation<\/h2>\t\t\t\t\t\t\t\t\t\t\t\t\t<p class=\"ha-ihe-desc\"><span>Skalierbare Teamgr\u00f6\u00dfen f\u00fcr alle Projektanforderungen<\/span>\n<span>Bauleiter sprechen je nach Bedarf Englisch, Deutsch, Franz\u00f6sisch <\/span>\n<span>24\/7 digitale Online-Berichte<\/span><\/p>\n\t\t\t\t\t\t\t\t\t\t\t\t\t\t\t\t\t\t\t\t\t<\/figcaption>\n\t\t\t<\/figure>\n\t\t<\/div>\n\t\t\t\t<\/div>\n\t\t\t\t<\/div>\n\t\t<div class=\"elementor-element elementor-element-07ed114 e-con-full e-flex e-con e-child\" data-id=\"07ed114\" data-element_type=\"container\" data-e-type=\"container\" data-settings=\"{&quot;background_background&quot;:&quot;classic&quot;,&quot;_ha_eqh_enable&quot;:false,&quot;ekit_has_onepagescroll_dot&quot;:&quot;yes&quot;}\">\n\t\t\t\t<div class=\"elementor-element elementor-element-132f32b elementor-widget elementor-widget-ha-image-hover-effect happy-addon ha-image-hover-effect\" data-id=\"132f32b\" data-element_type=\"widget\" data-e-type=\"widget\" data-settings=\"{&quot;ekit_we_effect_on&quot;:&quot;none&quot;}\" data-widget_type=\"ha-image-hover-effect.default\">\n\t\t\t\t\t\t\t<div class=\"ha-ihe-wrapper grid\">\n\t\t\t<figure class=\"ha-ihe-fig ha-effect-sadie\">\n\t\t\t\t<img decoding=\"async\" class=\"ha-ihe-img\" src=\"https:\/\/honeydew-wildcat-300520.hostingersite.com\/wp-content\/uploads\/2024\/11\/Untitled-2024-11-26T092354.199.png\" alt=\"Image hover effect image\" \/>\n\t\t\t\t<figcaption class=\"ha-ihe-caption\">\n\t\t\t\t\t\t\t\t\t\t\t<h2 class=\"ha-ihe-title\">Lieferung hochwertiger Markenprodukte<\/h2>\t\t\t\t\t\t\t\t\t\t\t\t\t<p class=\"ha-ihe-desc\"><span>Hochwertige Markenm\u00f6belauswahl renommierter Hersteller<\/span>\n<span>Ma\u00dfgeschneiderte L\u00f6sungen f\u00fcr jedes Budget<\/span>\n<span>Effiziente und sichere Lieferung und Montage<\/span><\/p>\n\t\t\t\t\t\t\t\t\t\t\t\t\t\t\t\t\t\t\t\t\t<\/figcaption>\n\t\t\t<\/figure>\n\t\t<\/div>\n\t\t\t\t<\/div>\n\t\t\t\t<\/div>\n\t\t<div class=\"elementor-element elementor-element-6fc8d6f e-con-full e-flex e-con e-child\" data-id=\"6fc8d6f\" data-element_type=\"container\" data-e-type=\"container\" data-settings=\"{&quot;background_background&quot;:&quot;classic&quot;,&quot;_ha_eqh_enable&quot;:false,&quot;ekit_has_onepagescroll_dot&quot;:&quot;yes&quot;}\">\n\t\t\t\t<div class=\"elementor-element elementor-element-3902ae8 elementor-widget elementor-widget-ha-image-hover-effect happy-addon ha-image-hover-effect\" data-id=\"3902ae8\" data-element_type=\"widget\" data-e-type=\"widget\" data-settings=\"{&quot;ekit_we_effect_on&quot;:&quot;none&quot;}\" data-widget_type=\"ha-image-hover-effect.default\">\n\t\t\t\t\t\t\t<div class=\"ha-ihe-wrapper grid\">\n\t\t\t<figure class=\"ha-ihe-fig ha-effect-sadie\">\n\t\t\t\t<img decoding=\"async\" class=\"ha-ihe-img\" src=\"https:\/\/honeydew-wildcat-300520.hostingersite.com\/wp-content\/uploads\/2024\/12\/Untitled-2024-12-04T105226.797.png\" alt=\"Image hover effect image\" \/>\n\t\t\t\t<figcaption class=\"ha-ihe-caption\">\n\t\t\t\t\t\t\t\t\t\t\t<h2 class=\"ha-ihe-title\">Aufarbeitung von M\u00f6beln<\/h2>\t\t\t\t\t\t\t\t\t\t\t\t\t<p class=\"ha-ihe-desc\"><span>Aufarbeitung aller M\u00f6belarten m\u00f6glich<\/span>\n<span>Vewendung von Neu- oder Recyclingmaterial<\/span>\n<span>Unter Einhaltung au\u00dfergew\u00f6hnlicher Nachhaltigkeitsstandards<\/span><\/p>\n\t\t\t\t\t\t\t\t\t\t\t\t\t\t\t\t\t\t\t\t\t<\/figcaption>\n\t\t\t<\/figure>\n\t\t<\/div>\n\t\t\t\t<\/div>\n\t\t\t\t<\/div>\n\t\t\t\t\t<\/div>\n\t\t\t\t<\/div>\n\t\t\t\t<\/div>","protected":false},"excerpt":{"rendered":"<p>Design proposals Space planning and layout design Interior design consultation Custom furniture design 3D visualisations GGIs 360 Animation 3D site scanning Any size of room\/public area All data import direct into computer Value engineering Enhancing project efficiency and quality Cost optimization Value maximization Production Unique pieces by combining wood, stone, metal, brass, glass, and more [&hellip;]<\/p>\n","protected":false},"author":2,"featured_media":0,"parent":0,"menu_order":0,"comment_status":"closed","ping_status":"closed","template":"","meta":{"inline_featured_image":false,"site-sidebar-layout":"no-sidebar","site-content-layout":"","ast-site-content-layout":"full-width-container","site-content-style":"default","site-sidebar-style":"default","ast-global-header-display":"","ast-banner-title-visibility":"","ast-main-header-display":"","ast-hfb-above-header-display":"","ast-hfb-below-header-display":"","ast-hfb-mobile-header-display":"","site-post-title":"disabled","ast-breadcrumbs-content":"","ast-featured-img":"disabled","footer-sml-layout":"","ast-disable-related-posts":"","theme-transparent-header-meta":"default","adv-header-id-meta":"","stick-header-meta":"","header-above-stick-meta":"","header-main-stick-meta":"","header-below-stick-meta":"","astra-migrate-meta-layouts":"set","ast-page-background-enabled":"default","ast-page-background-meta":{"desktop":{"background-color":"var(--ast-global-color-4)","background-image":"","background-repeat":"repeat","background-position":"center center","background-size":"auto","background-attachment":"scroll","background-type":"","background-media":"","overlay-type":"","overlay-color":"","overlay-opacity":"","overlay-gradient":""},"tablet":{"background-color":"","background-image":"","background-repeat":"repeat","background-position":"center center","background-size":"auto","background-attachment":"scroll","background-type":"","background-media":"","overlay-type":"","overlay-color":"","overlay-opacity":"","overlay-gradient":""},"mobile":{"background-color":"","background-image":"","background-repeat":"repeat","background-position":"center center","background-size":"auto","background-attachment":"scroll","background-type":"","background-media":"","overlay-type":"","overlay-color":"","overlay-opacity":"","overlay-gradient":""}},"ast-content-background-meta":{"desktop":{"background-color":"var(--ast-global-color-5)","background-image":"","background-repeat":"repeat","background-position":"center center","background-size":"auto","background-attachment":"scroll","background-type":"","background-media":"","overlay-type":"","overlay-color":"","overlay-opacity":"","overlay-gradient":""},"tablet":{"background-color":"var(--ast-global-color-5)","background-image":"","background-repeat":"repeat","background-position":"center center","background-size":"auto","background-attachment":"scroll","background-type":"","background-media":"","overlay-type":"","overlay-color":"","overlay-opacity":"","overlay-gradient":""},"mobile":{"background-color":"var(--ast-global-color-5)","background-image":"","background-repeat":"repeat","background-position":"center center","background-size":"auto","background-attachment":"scroll","background-type":"","background-media":"","overlay-type":"","overlay-color":"","overlay-opacity":"","overlay-gradient":""}},"footnotes":""},"class_list":["post-5558","page","type-page","status-publish","hentry"],"acf":[],"_links":{"self":[{"href":"https:\/\/confido.dk\/de\/wp-json\/wp\/v2\/pages\/5558","targetHints":{"allow":["GET"]}}],"collection":[{"href":"https:\/\/confido.dk\/de\/wp-json\/wp\/v2\/pages"}],"about":[{"href":"https:\/\/confido.dk\/de\/wp-json\/wp\/v2\/types\/page"}],"author":[{"embeddable":true,"href":"https:\/\/confido.dk\/de\/wp-json\/wp\/v2\/users\/2"}],"replies":[{"embeddable":true,"href":"https:\/\/confido.dk\/de\/wp-json\/wp\/v2\/comments?post=5558"}],"version-history":[{"count":6,"href":"https:\/\/confido.dk\/de\/wp-json\/wp\/v2\/pages\/5558\/revisions"}],"predecessor-version":[{"id":10915,"href":"https:\/\/confido.dk\/de\/wp-json\/wp\/v2\/pages\/5558\/revisions\/10915"}],"wp:attachment":[{"href":"https:\/\/confido.dk\/de\/wp-json\/wp\/v2\/media?parent=5558"}],"curies":[{"name":"wp","href":"https:\/\/api.w.org\/{rel}","templated":true}]}}